{"id":20386,"date":"2019-09-25T19:37:55","date_gmt":"2019-09-25T17:37:55","guid":{"rendered":"http:\/\/tribu.vandb.fr\/ouverture\/?page_id=20386"},"modified":"2019-11-13T10:11:57","modified_gmt":"2019-11-13T09:11:57","slug":"conditions-dutilisation","status":"publish","type":"page","link":"https:\/\/tribu.vandb.fr\/fr\/conditions-dutilisation\/","title":{"rendered":"Conditions d&rsquo;utilisation"},"content":{"rendered":"<h2 class=\"p1\"><span class=\"s1\">Conditions g\u00e9n\u00e9rales d&rsquo;utilisation du site <\/span><span class=\"s2\"><b>www.vandb.fr<\/b><\/span><\/h2>\n<h3 class=\"p1\"><span class=\"s1\">ARTICLE 1 : Objet<\/span><\/h3>\n<p class=\"p2\"><span class=\"s2\">Les pr\u00e9sentes \u00ab conditions g\u00e9n\u00e9rales d&rsquo;utilisation \u00bb ont pour objet l&rsquo;encadrement juridique des modalit\u00e9s de mise \u00e0 disposition des services du site <b>www.vandb.fr<\/b> et leur utilisation par \u00ab\u00a0l&rsquo;Utilisateur \u00bb.<\/span><\/p>\n<p class=\"p2\"><span class=\"s2\">Les conditions g\u00e9n\u00e9rales d&rsquo;utilisation doivent \u00eatre accept\u00e9es par tout Utilisateur souhaitant acc\u00e9der au site. Elles constituent le contrat entre le site et l&rsquo;Utilisateur. L\u2019acc\u00e8s au site par l\u2019Utilisateur signifie son acceptation des pr\u00e9sentes conditions g\u00e9n\u00e9rales d\u2019utilisation.<\/span><\/p>\n<p class=\"p2\"><span class=\"s2\"><b>www.vandb.fr<\/b> se r\u00e9serve le droit de modifier unilat\u00e9ralement et \u00e0 tout moment le contenu des pr\u00e9sentes conditions g\u00e9n\u00e9rales d&rsquo;utilisation.<\/span><\/p>\n<h3 class=\"p1\"><span class=\"s1\">ARTICLE 2 : Mentions l\u00e9gales<\/span><\/h3>\n<p class=\"p2\"><span class=\"s2\">L&rsquo;\u00e9dition du site <b>www.vandb.fr<\/b> est assur\u00e9e par la Soci\u00e9t\u00e9 SARL V AND B CONCEPT au capital de <span class=\"Apple-converted-space\">\u00a0 <\/span>60 000<span class=\"Apple-converted-space\">\u00a0 <\/span>\u20ac dont le si\u00e8ge social est situ\u00e9 au 2 rue de la Roberderie, 53200 Az\u00e9 (France).<\/span><\/p>\n<p class=\"p2\"><span class=\"s2\">Les Directeurs de la publication sont Messieurs Emmanuel Bouvet et Jean-Pierre Derouet.<\/span><\/p>\n<p class=\"p2\"><span class=\"s2\">L&rsquo;h\u00e9bergeur du site <b>www.vandb.fr<\/b> est la Soci\u00e9t\u00e9 SAS OCEANET TECHNOLOGY au capital de 1\u00a0556000 \u20ac dont le si\u00e8ge social est situ\u00e9 au 2 impasse Jos\u00e9phine Baker, 44800 Saint-Herblain (France).<\/span><\/p>\n<h3 class=\"p1\"><span class=\"s1\">ARTICLE 3 : D\u00e9finitions<\/span><\/h3>\n<p class=\"p2\"><span class=\"s2\">La pr\u00e9sente clause a pour objet de d\u00e9finir les diff\u00e9rents termes essentiels du contrat :<\/span><\/p>\n<p class=\"p2\"><span class=\"s2\">Utilisateur : ce terme d\u00e9signe toute personne qui utilise le site ou l&rsquo;un des services propos\u00e9s par le site.<\/span><\/p>\n<p class=\"p2\"><span class=\"s2\">Contenu utilisateur : ce sont les donn\u00e9es transmises par l&rsquo;Utilisateur au sein du site.<\/span><\/p>\n<p class=\"p2\"><span class=\"s2\">Membre : l&rsquo;Utilisateur devient membre lorsqu&rsquo;il est identifi\u00e9 sur le site.<\/span><\/p>\n<p class=\"p2\"><span class=\"s2\">Identifiant et mot de passe : c&rsquo;est l&rsquo;ensemble des informations n\u00e9cessaires \u00e0 l&rsquo;identification d&rsquo;un Utilisateur sur le site. L&rsquo;identifiant et le mot de passe permettent \u00e0 l&rsquo;Utilisateur d&rsquo;acc\u00e9der \u00e0 des services r\u00e9serv\u00e9s aux membres du programme de fid\u00e9lit\u00e9 \u00ab\u00a0Tribu V and B\u00a0\u00bb. Le mot de passe est confidentiel.<\/span><\/p>\n<h3 class=\"p1\"><span class=\"s1\">ARTICLE 4 : Acc\u00e8s aux services<\/span><\/h3>\n<p class=\"p2\"><span class=\"s2\">Le site permet \u00e0 l&rsquo;Utilisateur un acc\u00e8s gratuit aux services suivants :<\/span><\/p>\n<ul class=\"ul1\">\n<li class=\"li2\"><span class=\"s2\">Pr\u00e9sentation du concept V and B<\/span><\/li>\n<li class=\"li2\"><span class=\"s2\">Acc\u00e8s au site de la franchise V and B\u00a0: <a href=\"http:\/\/www.franchise-vandb.com\"><span class=\"s4\">www.franchise-vandb.com<\/span><\/a><\/span><\/li>\n<li class=\"li2\"><span class=\"s2\">Consulter les coordonn\u00e9es des magasins existants<\/span><\/li>\n<li class=\"li2\"><span class=\"s2\">Acc\u00e8s au catalogue pr\u00e9sentant une partie des produits r\u00e9f\u00e9renc\u00e9s au sein de la centrale d\u2019achat, avec pr\u00e9sentation des prix indicatifs et sous r\u00e9serve de disponibilit\u00e9 en magasin<\/span><\/li>\n<li class=\"li2\"><span class=\"s2\">Acc\u00e8s au blog dans lequel est pr\u00e9sent\u00e9e l\u2019actualit\u00e9 du r\u00e9seau V and B<\/span><\/li>\n<li class=\"li2\"><span class=\"s2\">Acc\u00e8s au programme de fid\u00e9lit\u00e9 \u00ab\u00a0Tribu V and B\u00a0\u00bb, avec la possibilit\u00e9 de cr\u00e9er un compte client<\/span><\/li>\n<li class=\"li2\"><span class=\"s2\">Faire une demande de location de tireuse \u00e0 bi\u00e8re directement au magasin de son choix via un formulaire de contact<\/span><\/li>\n<li class=\"li2\"><span class=\"s2\">Proposer un produit (vin, bi\u00e8re, spiritueux, \u00e9picerie fine) \u00e0 r\u00e9f\u00e9rencer aupr\u00e8s de la centrale d\u2019achat via un formulaire de contact<\/span><\/li>\n<li class=\"li2\"><span class=\"s2\">Postuler dans un magasin via un formulaire de contact<\/span><\/li>\n<\/ul>\n<p class=\"p2\"><span class=\"s2\">Le site est accessible gratuitement en tout lieu \u00e0 tout Utilisateur ayant un acc\u00e8s \u00e0 Internet. Tous les frais support\u00e9s par l&rsquo;Utilisateur pour acc\u00e9der au service (mat\u00e9riel informatique, logiciels, connexion Internet, etc.) sont \u00e0 sa charge.<\/span><\/p>\n<p class=\"p2\"><span class=\"s2\">L\u2019Utilisateur non membre n&rsquo;a pas acc\u00e8s aux services r\u00e9serv\u00e9s aux membres du programme de fid\u00e9lit\u00e9 \u00ab\u00a0Tribu V and B\u00a0\u00bb. Pour cela, il doit s&rsquo;identifier \u00e0 l&rsquo;aide de son identifiant et de son mot de passe.<\/span><\/p>\n<p class=\"p2\"><span class=\"s2\">Le site met en \u0153uvre tous les moyens mis \u00e0 sa disposition pour assurer un acc\u00e8s de qualit\u00e9 \u00e0 ses services. L&rsquo;obligation \u00e9tant de moyens, le site ne s&rsquo;engage pas \u00e0 atteindre ce r\u00e9sultat.<\/span><\/p>\n<p class=\"p2\"><span class=\"s2\">Tout \u00e9v\u00e9nement d\u00fb \u00e0 un cas de force majeure ayant pour cons\u00e9quence un dysfonctionnement du r\u00e9seau ou du serveur n&rsquo;engage pas la responsabilit\u00e9 de <b>www.vandb.fr<\/b>.<\/span><\/p>\n<p class=\"p2\"><span class=\"s2\">L&rsquo;acc\u00e8s aux services du site peut \u00e0 tout moment faire l&rsquo;objet d&rsquo;une interruption, d&rsquo;une suspension, d&rsquo;une modification sans pr\u00e9avis pour une maintenance ou pour tout autre cas. L&rsquo;Utilisateur s&rsquo;oblige \u00e0 ne r\u00e9clamer aucune indemnisation suite \u00e0 l&rsquo;interruption, \u00e0 la suspension ou \u00e0 la modification du pr\u00e9sent contrat.<\/span><\/p>\n<p class=\"p2\"><span class=\"s2\">L&rsquo;Utilisateur a la possibilit\u00e9 de contacter le site par messagerie \u00e9lectronique \u00e0 l\u2019adresse <b>contact[@]vandb.fr<\/b>.<\/span><\/p>\n<h3 class=\"p1\"><span class=\"s1\">ARTICLE 5 : Propri\u00e9t\u00e9 intellectuelle<\/span><\/h3>\n<p class=\"p2\"><span class=\"s2\">Les marques, logos, signes et tout autre contenu du site font l&rsquo;objet d&rsquo;une protection par le Code de la propri\u00e9t\u00e9 intellectuelle et plus particuli\u00e8rement par le droit d&rsquo;auteur.<\/span><\/p>\n<p class=\"p2\"><span class=\"s2\">L&rsquo;Utilisateur sollicite l&rsquo;autorisation pr\u00e9alable du site pour toute reproduction, publication, copie des diff\u00e9rents contenus.<\/span><\/p>\n<p class=\"p2\"><span class=\"s2\">L&rsquo;Utilisateur s&rsquo;engage \u00e0 une utilisation des contenus du site dans un cadre strictement priv\u00e9. Une utilisation des contenus \u00e0 des fins commerciales est strictement interdite.<\/span><\/p>\n<p class=\"p2\"><span class=\"s2\">Tout contenu mis en ligne par l&rsquo;Utilisateur est de sa seule responsabilit\u00e9. L&rsquo;Utilisateur s&rsquo;engage \u00e0 ne pas mettre en ligne de contenus pouvant porter atteinte aux int\u00e9r\u00eats de tierces personnes. Tout recours en justice engag\u00e9 par un tiers l\u00e9s\u00e9 contre le site sera pris en charge par l&rsquo;Utilisateur.<\/span><\/p>\n<p class=\"p2\"><span class=\"s2\">Le contenu de l&rsquo;Utilisateur peut \u00eatre \u00e0 tout moment et pour n&rsquo;importe quelle raison supprim\u00e9 ou modifi\u00e9 par le site. L&rsquo;Utilisateur ne re\u00e7oit aucune justification et notification pr\u00e9alablement \u00e0 la suppression ou \u00e0 la modification du contenu Utilisateur.<\/span><\/p>\n<h3 class=\"p1\"><span class=\"s1\">ARTICLE 6 : Donn\u00e9es personnelles<\/span><\/h3>\n<p class=\"p2\"><span class=\"s2\">Le site assure \u00e0 l&rsquo;Utilisateur une collecte et un traitement d&rsquo;informations personnelles dans le respect de la vie priv\u00e9e conform\u00e9ment \u00e0 la loi n\u00b078-17 du 6 janvier 1978 modifi\u00e9e relative \u00e0 l\u2019informatique, aux fichiers et aux libert\u00e9s ainsi que du R\u00e8glement 679\/2016 du 27 avril 2016 relatif \u00e0 la protection des donn\u00e9es (RGPD).<\/span><\/p>\n<p class=\"p2\"><span class=\"s2\">Vous pouvez acc\u00e9der \u00e0 la politique de confidentialit\u00e9 en <strong><a href=\"http:\/\/tribu.vandb.fr\/ouverture\/politique-de-confidentialite\/\">cliquant ici<\/a><\/strong><\/span><span class=\"s2\">.<\/span><\/p>\n<h3 class=\"p1\"><span class=\"s1\">ARTICLE 7 : Responsabilit\u00e9 et force majeure<\/span><\/h3>\n<p class=\"p2\"><span class=\"s2\">Les sources des informations diffus\u00e9es sur le site sont r\u00e9put\u00e9es fiables. Toutefois, le site se r\u00e9serve la facult\u00e9 d&rsquo;une non-garantie de la fiabilit\u00e9 des sources. Les informations donn\u00e9es sur le site le sont \u00e0 titre purement informatif. Ainsi, l&rsquo;Utilisateur assume seul l&rsquo;enti\u00e8re responsabilit\u00e9 de l&rsquo;utilisation des informations et contenus du pr\u00e9sent site.<\/span><\/p>\n<p class=\"p2\"><span class=\"s2\">L&rsquo;Utilisateur s&rsquo;assure de garder son mot de passe secret. Toute divulgation du mot de passe, quelle que soit sa forme, est interdite.<\/span><\/p>\n<p class=\"p2\"><span class=\"s2\">L&rsquo;Utilisateur assume les risques li\u00e9s \u00e0 l&rsquo;utilisation de son identifiant et mot de passe. Le site d\u00e9cline toute responsabilit\u00e9.<\/span><\/p>\n<p class=\"p2\"><span class=\"s2\">Tout usage du service par l&rsquo;Utilisateur ayant directement ou indirectement pour cons\u00e9quence des dommages doit faire l&rsquo;objet d&rsquo;une indemnisation au profit du site.<\/span><\/p>\n<p class=\"p2\"><span class=\"s2\">Une garantie optimale de la s\u00e9curit\u00e9 et de la confidentialit\u00e9 des donn\u00e9es transmises n&rsquo;est pas assur\u00e9e par le site. Toutefois, le site s&rsquo;engage \u00e0 mettre en \u0153uvre tous les moyens n\u00e9cessaires afin de garantir au mieux la s\u00e9curit\u00e9 et la confidentialit\u00e9 des donn\u00e9es.<\/span><\/p>\n<p class=\"p2\"><span class=\"s2\">La responsabilit\u00e9 du site ne peut \u00eatre engag\u00e9e en cas de force majeure ou du fait impr\u00e9visible et insurmontable d&rsquo;un tiers.<\/span><\/p>\n<h3 class=\"p1\"><span class=\"s1\">ARTICLE 8 : Liens hypertextes<\/span><\/h3>\n<p class=\"p2\"><span class=\"s2\">De nombreux liens hypertextes sortants sont pr\u00e9sents sur le site, cependant les pages web o\u00f9 m\u00e8nent ces liens n&rsquo;engagent en rien la responsabilit\u00e9 de <b>www.vandb.fr<\/b> qui n&rsquo;a pas le contr\u00f4le de ces liens.<\/span><\/p>\n<p class=\"p2\"><span class=\"s2\">L&rsquo;Utilisateur s&rsquo;interdit donc \u00e0 engager la responsabilit\u00e9 du site concernant le contenu et les ressources relatives \u00e0 ces liens hypertextes sortants.<\/span><\/p>\n<h3 class=\"p1\"><span class=\"s1\">ARTICLE 9 : \u00c9volution du contrat<\/span><\/h3>\n<p class=\"p2\"><span class=\"s2\">Le site se r\u00e9serve \u00e0 tout moment le droit de modifier les clauses stipul\u00e9es dans le pr\u00e9sent contrat.<\/span><\/p>\n<h3 class=\"p1\"><span class=\"s1\">ARTICLE 10 : Dur\u00e9e<\/span><\/h3>\n<p class=\"p2\"><span class=\"s2\">La dur\u00e9e du pr\u00e9sent contrat est ind\u00e9termin\u00e9e. Le contrat produit ses effets \u00e0 l&rsquo;\u00e9gard de l&rsquo;Utilisateur \u00e0 compter de l&rsquo;utilisation du service.<\/span><\/p>\n<h3 class=\"p1\"><span class=\"s1\">ARTICLE 11 : Droit applicable et juridiction comp\u00e9tente<\/span><\/h3>\n<p class=\"p2\"><span class=\"s2\">La l\u00e9gislation fran\u00e7aise s&rsquo;applique au pr\u00e9sent contrat. En cas d&rsquo;absence de r\u00e9solution amiable d&rsquo;un litige n\u00e9 entre les parties, seuls les tribunaux fran\u00e7ais seront comp\u00e9tents.<\/span><\/p>\n<h3 class=\"p1\"><span class=\"s1\">ARTICLE 12 : Publication par l\u2019Utilisateur<\/span><\/h3>\n<p class=\"p2\"><span class=\"s2\">Le site permet aux membres de publier des commentaires.<\/span><\/p>\n<p class=\"p2\"><span class=\"s2\">Dans ses publications, le membre s\u2019engage \u00e0 respecter les r\u00e8gles de la Netiquette et les r\u00e8gles de droit en vigueur.<\/span><\/p>\n<p class=\"p2\"><span class=\"s2\">Le site exerce une mod\u00e9ration a posteriori sur les publications et se r\u00e9serve le droit de refuser leur mise en ligne, sans avoir \u00e0 s\u2019en justifier aupr\u00e8s du membre.<\/span><\/p>\n<p class=\"p2\"><span class=\"s2\">Le membre reste titulaire de l\u2019int\u00e9gralit\u00e9 de ses droits de propri\u00e9t\u00e9 intellectuelle. Mais en publiant une publication sur le site, il c\u00e8de \u00e0 la soci\u00e9t\u00e9 \u00e9ditrice le droit non exclusif et gratuit de repr\u00e9senter, reproduire, adapter, modifier, diffuser et distribuer sa publication, directement ou par un tiers autoris\u00e9, dans le monde entier, sur tout support (num\u00e9rique ou physique), pour la dur\u00e9e de la propri\u00e9t\u00e9 intellectuelle. Le Membre c\u00e8de notamment le droit d&rsquo;utiliser sa publication sur internet et sur les r\u00e9seaux de t\u00e9l\u00e9phonie mobile.<\/span><\/p>\n<p class=\"p2\"><span class=\"s2\">La soci\u00e9t\u00e9 \u00e9ditrice s&rsquo;engage \u00e0 faire figurer le nom du membre \u00e0 proximit\u00e9 de chaque utilisation de sa publication.<\/span><\/p>\n<p class=\"p2\"><span class=\"s2\">Derni\u00e8re actualisation\u00a0: mai 2019<\/span><\/p>\n","protected":false},"excerpt":{"rendered":"Conditions g\u00e9n\u00e9rales d&rsquo;utilisation du site www.vandb.fr ARTICLE 1 : Objet Les pr\u00e9sentes \u00ab conditions g\u00e9n\u00e9rales d&rsquo;utilisation \u00bb ont pour objet l&rsquo;encadrement juridique des modalit\u00e9s de mise \u00e0 disposition des services du site www.vandb.fr et leur utilisation par \u00ab\u00a0l&rsquo;Utilisateur \u00bb. Les conditions g\u00e9n\u00e9rales d&rsquo;utilisation doivent \u00eatre accept\u00e9es par tout Utilisateur souhaitant acc\u00e9der au site. Elles constituent&#8230; <a class=\"view-article\" href=\"https:\/\/tribu.vandb.fr\/fr\/conditions-dutilisation\/\">Voir l&rsquo;article<\/a>","protected":false},"author":1,"featured_media":0,"parent":0,"menu_order":0,"comment_status":"closed","ping_status":"closed","template":"","meta":{"_acf_changed":false,"_monsterinsights_skip_tracking":false,"_monsterinsights_sitenote_active":false,"_monsterinsights_sitenote_note":"","_monsterinsights_sitenote_category":0,"footnotes":""},"class_list":["post-20386","page","type-page","status-publish","hentry"],"acf":[],"aioseo_notices":[],"_links":{"self":[{"href":"https:\/\/tribu.vandb.fr\/fr\/wp-json\/wp\/v2\/pages\/20386","targetHints":{"allow":["GET"]}}],"collection":[{"href":"https:\/\/tribu.vandb.fr\/fr\/wp-json\/wp\/v2\/pages"}],"about":[{"href":"https:\/\/tribu.vandb.fr\/fr\/wp-json\/wp\/v2\/types\/page"}],"author":[{"embeddable":true,"href":"https:\/\/tribu.vandb.fr\/fr\/wp-json\/wp\/v2\/users\/1"}],"replies":[{"embeddable":true,"href":"https:\/\/tribu.vandb.fr\/fr\/wp-json\/wp\/v2\/comments?post=20386"}],"version-history":[{"count":4,"href":"https:\/\/tribu.vandb.fr\/fr\/wp-json\/wp\/v2\/pages\/20386\/revisions"}],"predecessor-version":[{"id":20858,"href":"https:\/\/tribu.vandb.fr\/fr\/wp-json\/wp\/v2\/pages\/20386\/revisions\/20858"}],"wp:attachment":[{"href":"https:\/\/tribu.vandb.fr\/fr\/wp-json\/wp\/v2\/media?parent=20386"}],"curies":[{"name":"wp","href":"https:\/\/api.w.org\/{rel}","templated":true}]}}