{"id":20391,"date":"2019-09-25T20:05:57","date_gmt":"2019-09-25T18:05:57","guid":{"rendered":"http:\/\/tribu.vandb.fr\/ouverture\/?page_id=20391"},"modified":"2025-04-22T16:40:13","modified_gmt":"2025-04-22T14:40:13","slug":"cgu-tribu-v-and-b","status":"publish","type":"page","link":"https:\/\/tribu.vandb.fr\/fr\/cgu-tribu-v-and-b\/","title":{"rendered":"CGU Tribu V and B"},"content":{"rendered":"<h2>CONDITIONS G\u00c9N\u00c9RALES D\u2019UTILISATION<\/h2>\n<h3>PR\u00c9AMBULE<\/h3>\n<p>La communaut\u00e9 TRIBU V and B est un programme de fid\u00e9lit\u00e9 d\u00e9velopp\u00e9 par V and B Concept soci\u00e9t\u00e9 \u00e0 responsabilit\u00e9 limit\u00e9e unipersonnelle au capital de 60 000 euros dont le si\u00e8ge est situ\u00e9 au 2, rue de la Roberderie &#8211; ZI Bellitourne 53200 AZ\u00c9 et immatricul\u00e9e au Registre du Commerce et des Soci\u00e9t\u00e9s de LAVAL 442 161 147. L\u2019adh\u00e9sion \u00e0 la communaut\u00e9 TRIBU V and B est propos\u00e9e dans l\u2019ensemble des magasins V and B de France m\u00e9tropolitaine et DOM-TOM ainsi que sur www.vandb.fr et ses avantages sont valables dans l\u2019ensemble des magasins situ\u00e9s en France m\u00e9tropolitaine et DOM-TOM. L\u2019adh\u00e9sion \u00e0 la communaut\u00e9 TRIBU V and B entra\u00eene l\u2019acceptation de l\u2019ensemble de ces conditions qui ont valeur contractuelle et dont l\u2019adh\u00e9rent reconna\u00eet avoir pr\u00e9alablement eu connaissance \u00e0 son adh\u00e9sion.<\/p>\n<h3>1 &#8211; OBJET DE LA COMMUNAUT\u00c9 TRIBU V AND B<\/h3>\n<p>Les CAPS sont la d\u00e9nomination des POINTS dans le programme relationnel TRIBU V and B. L\u2019adh\u00e9sion \u00e0 la communaut\u00e9 TRIBU V and B permet \u00e0 son titulaire d\u00e9nomm\u00e9 ci-apr\u00e8s \u00abl\u2019adh\u00e9rent\u00bb de :<\/p>\n<ul>\n<li>Collecter des CAPS : pour tout achat de biens effectu\u00e9 dans les \u00e9tablissements du r\u00e9seau V and B<\/li>\n<li>D\u2019acc\u00e9der \u00e0 d\u2019autres avantages li\u00e9s \u00e0 des actions marketing d\u00e9velopp\u00e9es par V and B<\/li>\n<li>De participer au d\u00e9veloppement de l\u2019enseigne V and B \u00e0 travers des contributions diverses (avis, sondages, suggestions&#8230;)<\/li>\n<\/ul>\n<p>L\u2019adh\u00e9rent acc\u00e8de \u00e0 des avantages qui lui sont communiqu\u00e9s majoritairement par email, SMS ou via le site Internet associ\u00e9e au service ou sur simple demande aupr\u00e8s du personnel en magasin, apr\u00e8s v\u00e9rification de l\u2019identit\u00e9 du membre.<\/p>\n<p>La TRIBU V and B est un programme permettant de r\u00e9compenser la participation des adh\u00e9rents \u00e0 la vie du r\u00e9seau, \u00e0 la communaut\u00e9 des vandbistes.<\/p>\n<h3>2 &#8211; ADH\u00c9SION \u00c0 LA COMMUNAUT\u00c9 TRIBU V AND B<\/h3>\n<h4>2 &#8211; 1 ADH\u00c9SION AU PROGRAMME TRIBU V AND B<\/h4>\n<p>Pour \u00eatre adh\u00e9rent au programme, l\u2019Utilisateur doit :<\/p>\n<p>&#8211; Etre \u00e2g\u00e9 de plus de 18 ans &#8211; Ne pas d\u00e9j\u00e0 disposer d\u2019un compte adh\u00e9rent<\/p>\n<p>&#8211; Avoir lu et express\u00e9ment accept\u00e9 les pr\u00e9sentes CGU Le client doit remplir le bulletin d\u2019adh\u00e9sion \u00e9lectronique disponible sur le site www.vandb.fr ou directement aupr\u00e8s des \u00e9quipes des magasins de France M\u00e9tropolitaine et DOM-TOM.<\/p>\n<p>Certaines informations du formulaire d\u2019adh\u00e9sion en ligne ont un caract\u00e8re obligatoire (pr\u00e9cis\u00e9es sur le bulletin ou le formulaire) pour l\u2019ouverture du compte TRIBU V and B. Les autres renseignements demand\u00e9s sont facultatifs.<\/p>\n<p>Cependant, ils permettront \u00e0 V and B de proposer aux adh\u00e9rents des avantages adapt\u00e9s. Il s\u2019engage \u00e0 remplir le formulaire de bonne foi en fournissant des renseignements exacts et s\u2019engage \u00e0 maintenir \u00e0 jour les renseignements le concernant.<\/p>\n<p>L\u2019adh\u00e9rent s\u2019engage \u00e0 ne pas dissimuler sa vraie identit\u00e9. V AND B CONCEPT n\u2019est pas tenue de v\u00e9rifier la r\u00e9alit\u00e9 des informations pr\u00e9cis\u00e9es par l\u2019adh\u00e9rent et ne dispose pas des moyens techniques et\/ou l\u00e9gaux lui permettant de le faire.<\/p>\n<p>Le programme TRIBU V and B est strictement personnel, seul le titulaire du compte peut b\u00e9n\u00e9ficier des avantages propos\u00e9s dans le cadre de la communaut\u00e9 TRIBU V and B. Le compte ne peut \u00eatre pr\u00eat\u00e9 ou c\u00e9d\u00e9. V and B se garde le droit de refuser une adh\u00e9sion \u00e0 la communaut\u00e9 TRIBU V and B \u00e0 toute personne ne remplissant pas les conditions d\u2019adh\u00e9sion.<\/p>\n<p>L\u2019adh\u00e9rent s\u2019engage \u00e0 informer imm\u00e9diatement V AND B CONCEPT de toute utilisation non autoris\u00e9e de ses identifiants et\/ou de toute atteinte \u00e0 la s\u00e9curit\u00e9 de son compte. Il s\u2019engage \u00e0 contacter le service clients de V AND B CONCEPT sans d\u00e9lai en cas d\u2019utilisation frauduleuse de son compte \u00e0 l\u2019adresse tribu[@]vandb.fr.<\/p>\n<h4>2 &#8211; 2 CO\u00dbT DE L\u2019ADH\u00c9SION \u00c0 LA COMMUNAUT\u00c9 TRIBU V AND B<\/h4>\n<p>L\u2019adh\u00e9sion est gratuite et sans engagement et sans obligation d\u2019achats.<\/p>\n<h4>2 &#8211; 3 DUR\u00c9E DE VALIDIT\u00c9 DE L\u2019ADH\u00c9SION \u00c0 LA COMMUNAUT\u00c9 TRIBU V AND B<\/h4>\n<p>A compter de la date d\u2019adh\u00e9sion, le nouvel adh\u00e9rent peut profiter de ses avantages pendant 1 an. La date de d\u00e9but d\u2019adh\u00e9sion est la date de cr\u00e9ation du compte, que cette adh\u00e9sion se fasse en magasin ou sur Internet. Chaque transaction ou interaction au sein du programme prolonge tacitement la dur\u00e9e de validit\u00e9 des avantages du compte d\u2019une ann\u00e9e. Des alertes sont envoy\u00e9es 1 mois avant la date de fin de validit\u00e9 des avantages acquis afin que l\u2019adh\u00e9rent puisse profiter pleinement de ses avantages (sous r\u00e9serve d\u2019email ou SMS de l\u2019adh\u00e9rent disponible).<\/p>\n<h3>3 &#8211; AVANTAGES DU PROGRAMME TRIBU V AND B<\/h3>\n<p>Note importante : V and B et le programme Tribu V and B entrant dans le cadre d\u2019application de la loi EVIN, tous les avantages du programme Tribu V and B ne sont valable que pour des achats c\u00f4t\u00e9 magasin (\u00e0 emporter) et ne peuvent en aucun cas \u00eatre utilis\u00e9s pour des consommations au bar.<\/p>\n<h4>3 &#8211; 1 CH\u00c8QUE DE BIENVENUE<\/h4>\n<p>L\u2019adh\u00e9rent \u00e0 la communaut\u00e9 TRIBU V and B se verra automatiquement attribu\u00e9 un ch\u00e8que de bienvenue qui sera cr\u00e9dit\u00e9 sur son compte TRIBU V and B 24h apr\u00e8s avoir termin\u00e9 le processus d\u2019adh\u00e9sion. Le ch\u00e8que de bienvenue pourra \u00eatre utilis\u00e9 d\u00e8s le lendemain de l\u2019adh\u00e9sion et valable sur le prochain achat de l\u2019adh\u00e9rent dans tous les magasins V and B de France m\u00e9tropolitaine et DOM-TOM ou sur www.vandb. fr (prochainement). Il est utilisable sur des achats uniquement c\u00f4t\u00e9 magasin sur un minimum d\u2019achats d\u2019un montant de 30\u20ac TTC hors consigne. Aucune monnaie ne sera rendue suite \u00e0 la reprise de ce ch\u00e8que. Cette offre est valable une seule fois avec dur\u00e9e de validit\u00e9 de deux mois \u00e0 compter de son \u00e9mission. Il est non cumulable avec toute autre offre en cours. En cas de non utilisation par l\u2019adh\u00e9rent de ce ch\u00e8que dans les deux mois \u00e0 date d\u2019adh\u00e9sion, il ne sera plus valide.<\/p>\n<h4>3 &#8211; 2 CH\u00c8QUE ANNIVERSAIRE<\/h4>\n<p>S\u2019il renseigne sa date de naissance dans sa fiche adh\u00e9rent, l\u2019adh\u00e9rent \u00e0 la communaut\u00e9 TRIBU V and B se verra automatiquement remettre un ch\u00e8que anniversaire de 10\u20ac TTC hors consigne cr\u00e9dit\u00e9 sur son compte TRIBU V and B le jour de son anniversaire. Le ch\u00e8que cadeau anniversaire de 10\u20ac hors consigne est valable sur le prochain achat de l\u2019adh\u00e9rent dans tous les magasins V and B de France m\u00e9tropolitaine et DOM-TOM ou sur www.vandb.fr (prochainement).<\/p>\n<p>Il est utilisable sur des achats uniquement c\u00f4t\u00e9 magasin sur un minimum d\u2019achats d\u2019un montant de 30\u20ac TTC hors consigne. Aucune monnaie ne sera rendue suite \u00e0 la reprise de ce ch\u00e8que. Cette offre est valable une seule fois avec dur\u00e9e de validit\u00e9 de deux semaines \u00e0 compter de son \u00e9mission. Il est non cumulable avec toute autre offre en cours. En cas de non utilisation par l\u2019adh\u00e9rent de ce ch\u00e8que dans les deux semaines suivant l\u2019\u00e9mission, il ne sera plus valide. Le ch\u00e8que est utilisable d\u00e8s son \u00e9mission.<\/p>\n<h4>3 &#8211; 3 LES CAPS<\/h4>\n<h4>3 &#8211; 3 &#8211; 1 ACQUISITION DE CAPS<\/h4>\n<p>Les points du programme ont \u00e9t\u00e9 baptis\u00e9s CAPS, un CAPS vaut un point. L\u2019adh\u00e9sion \u00e0 la communaut\u00e9 TRIBU V and B g\u00e9n\u00e8re la cr\u00e9ation d\u2019un compte de fid\u00e9lit\u00e9 pour l\u2019adh\u00e9rent. Il lui suffit de prouver son identit\u00e9 en magasin lors de tout passage en caisse lors de ses achats afin que le cumul de CAPS s\u2019op\u00e8re en fonction du bar\u00e8me en vigueur.<\/p>\n<p>Le cumul des CAPS se fait sur tous les achats ou prochainement via la participation \u00e0 des actions marketing effectu\u00e9es dans l\u2019ensemble des magasins V and B situ\u00e9s en France m\u00e9tropolitaine et DOM-TOM ainsi que sur www.vandb.fr ou tout autre site Internet li\u00e9e \u00e0 une action marketing (ex : page Facebook de l\u2019enseigne ou des magasins du r\u00e9seau).<\/p>\n<p>Les CAPS cumul\u00e9s lors d\u2019un achat ou lors d\u2019une action marketing seront enregistr\u00e9s sur le compte de l\u2019adh\u00e9rent 24 heures minimum apr\u00e8s l\u2019achat ou l\u2019action consid\u00e9r\u00e9e. L\u2019adh\u00e9rent ne pourra en aucun cas porter r\u00e9clamation quant \u00e0 la date \u00e0 laquelle les CAPS seront disponibles et utilisables sur son compte adh\u00e9rent.<\/p>\n<p>Il se peut que, le temps de la mise \u00e0 jour des diff\u00e9rents syst\u00e8mes, il existe un d\u00e9calage du solde de CAPS entre le syst\u00e8me des caisses en magasin et celui du site internet. En aucun cas, l\u2019adh\u00e9rent ne pourra porter r\u00e9clamation quant \u00e0 son solde de CAPS. V and B s\u2019engage \u00e0 traiter dans les meilleurs d\u00e9lais les \u00e9ventuels dysfonctionnements pouvant subvenir suite \u00e0 un probl\u00e8me li\u00e9 aux infrastructures (probl\u00e8me de connexion au serveur, indisponibilit\u00e9 du r\u00e9seau Internet&#8230;) et logiciels utilis\u00e9s pour animer le programme Tribu V and B.<\/p>\n<h4>3 &#8211; 3 &#8211; 2 BAR\u00c8ME D\u2019ACQUISITION ET VALIDIT\u00c9 DES CAPS<\/h4>\n<p>Equivalence pour les achats, montants en euros TTC, hors consigne :<\/p>\n<ul>\n<li>2,5\u20ac d\u2019achat bi\u00e8re = 1 point<\/li>\n<li>2,5\u20ac d\u2019achat vin = 1 point<\/li>\n<li>2,5\u20ac d\u2019achat spiritueux = 1 point<\/li>\n<\/ul>\n<p>V and B offrira des CAPS \u00e0 ses adh\u00e9rents suite \u00e0 sa participation \u00e0 des actions de marketing d\u00e9finies. Les CAPS du programme TRIBU V and B n\u2019ont aucune valeur marchande. En cas de restitution de produits ayant g\u00e9n\u00e9r\u00e9 l\u2019acquisition de CAPS sur le compte de l\u2019adh\u00e9rent, le nombre de CAPS correspondant sera d\u00e9bit\u00e9 du solde de CAPS du compte de l\u2019adh\u00e9rent.<\/p>\n<p>En cas d\u2019\u00e9change d\u2019un produit ayant g\u00e9n\u00e9r\u00e9 l\u2019acquisition de CAPS, le nombre de CAPS correspondant ne sera pas cr\u00e9dit\u00e9 une seconde fois. En cas d\u2019annulation d\u2019une activit\u00e9 (d\u00e9gustation, atelier par exemple), les CAPS seront aussi d\u00e9cr\u00e9ment\u00e9s du compte de l\u2019adh\u00e9rent.<\/p>\n<p>Les CAPS acquis selon le bar\u00e8me ci-dessus d\u00e9crit sont valables pendant une dur\u00e9e d\u2019un (1) an \u00e0 compter de leur acquisition tout compte inactif pendant plus d\u2019un (1) an sera remis \u00e0 z\u00e9ro. Les produits faisant l\u2019objet de remises (promotionnelles ou non) ne sont pas pris en compte dans le calcul d\u2019attribution des CAPS.<\/p>\n<h4>3 &#8211; 3 &#8211; 3 CONSOMMATION DES CAPS<\/h4>\n<p>\u00c9mission et utilisation des ch\u00e8ques fid\u00e9lit\u00e9 :<\/p>\n<p>A chaque palier de 100 CAPS correspond un ch\u00e8que fid\u00e9lit\u00e9 :<\/p>\n<ul>\n<li>100 CAPS atteint permettent d\u2019activer un ch\u00e8que fid\u00e9lit\u00e9 d\u2019une valeur de 5\u20ac TTC hors consigne &#8211; valable 1 an \u00e0 compter de son \u00e9mission.<\/li>\n<li>200 CAPS pour un ch\u00e8que fid\u00e9lit\u00e9 de 5\u20ac hors consigne &#8211; valable 1 an \u00e0 compter de son \u00e9mission.<\/li>\n<li>300 CAPS pour un ch\u00e8que fid\u00e9lit\u00e9 de 5\u20ac hors consigne &#8211; valable 1 an \u00e0 compter de son \u00e9mission.<\/li>\n<li>400 CAPS pour un ch\u00e8que fid\u00e9lit\u00e9 de 5\u20ac hors consigne &#8211; valable 1 an \u00e0 compter de son \u00e9mission.<\/li>\n<\/ul>\n<p>A chaque fois qu\u2019un palier est atteint une notification par email ou SMS est transmise \u00e0 l\u2019adh\u00e9rent lui indiquant, le montant et la dur\u00e9e de validit\u00e9 du ch\u00e8que fid\u00e9lit\u00e9. En magasin, suite \u00e0 un achat, le caviste ou conseiller pourra v\u00e9rifier si un ch\u00e8que fid\u00e9lit\u00e9 est disponible pour l\u2019adh\u00e9rent.<\/p>\n<p>Les CAPS correspondants seront d\u00e9cr\u00e9ment\u00e9s du compte de l\u2019adh\u00e9rent d\u00e8s utilisation du ch\u00e8que de fid\u00e9lit\u00e9 en magasin. Sur Internet, \u00e0 l\u2019adresse www.vandb.fr\/tribu-vandb rubrique mon compte, l\u2019adh\u00e9rent pourra consulter lui-m\u00eame son solde de CAPS, son ch\u00e8que fid\u00e9lit\u00e9 s\u2019il a atteint un palier de CAPS suffisant ainsi que la date de validit\u00e9 de ce dernier.<\/p>\n<p>En cas de non utilisation des ch\u00e8ques fid\u00e9lit\u00e9 dans les d\u00e9lais d\u2019utilisation indiqu\u00e9s, ils ne seront plus valides, mais les points seront conserv\u00e9s sauf pour le ch\u00e8que de 20\u20ac qui lui perdra toute valeur si non utilis\u00e9 dans les d\u00e9lais.<\/p>\n<p>Les ch\u00e8ques fid\u00e9lit\u00e9 pourront \u00eatre utilis\u00e9s d\u00e8s le lendemain de leur mise \u00e0 disposition et sur justification de l\u2019identit\u00e9 de l\u2019adh\u00e9rent (carte d\u2019identit\u00e9). Ces r\u00e8gles et dur\u00e9es de validit\u00e9 ont \u00e9t\u00e9 \u00e9tablies dans une philosophie bienveillante d\u2019animation commerciale, mais ne doit en aucun cas \u00eatre consid\u00e9r\u00e9es comme une forme d\u2019\u00e9pargne. Les CAPS n\u2019 ayant aucune valeur marchande.<\/p>\n<h4>3 &#8211; 3 &#8211; 4 CONSULTATION DU SOLDE DE CAPS<\/h4>\n<p>L\u2019adh\u00e9rent \u00e0 la communaut\u00e9 TRIBU V and B peut \u00e0 tout moment consulter son solde de CAPS aupr\u00e8s de V and B : Dans l\u2019un des magasins V and B de France m\u00e9tropolitaine et DOM-TOM aupr\u00e8s du conseiller ou caviste sans effectuer d\u2019achat. Sur www.vandb.fr\/tribu-vandb Par email \u00e0 l\u2019adresse tribu[@]vandb.fr<\/p>\n<h4>3 &#8211; 3 &#8211; 5 UTILISATION CUMUL\u00c9E DES COUPONS<\/h4>\n<p>Les ch\u00e8ques fid\u00e9lit\u00e9, sont cumulables tant qu\u2019ils sont valides. Le minimum d\u2019achat \u00e9tant alors au moins \u00e9gal \u00e0 la valeur des ch\u00e8ques \u00e9mis pour l\u2019adh\u00e9rent sous r\u00e9serve de validit\u00e9 de ces derniers.<\/p>\n<h3>4 &#8211; MODALIT\u00c9S DE FONCTIONNEMENT DU PROGRAMME TRIBU V AND B<\/h3>\n<p>Le personnel des magasins V and B, pour l\u2019utilisation du compte du Programme TRIBU V and B d\u2019un adh\u00e9rent, se r\u00e9serve le droit de demander que celui-ci justifie de son identit\u00e9. A d\u00e9faut, le magasin pourra refuser l\u2019application d\u2019un avantage li\u00e9 \u00e0 la communaut\u00e9 TRIBU V and B.<\/p>\n<h4>4 &#8211; 1 COMMUNICATION DES AVANTAGES<\/h4>\n<p>L\u2019adh\u00e9rent, \u00e0 la possibilit\u00e9 d\u2019accepter que V and B lui communique par le biais d\u2019EMAIL ou SMS (si l\u2019adh\u00e9rent a donn\u00e9 son consentement pour l\u2019EMAIL et\/ou le SMS) ses avantages li\u00e9s au programme de fid\u00e9lit\u00e9 et \u00e0 la marque, ses produits, ses \u00e9v\u00e9nements et ses activit\u00e9s. Si l\u2019adh\u00e9rent, souhaite limiter les messages li\u00e9s au programme, il peut bloquer les sollicitations promotionnelles, seuls les messages d\u2019information concernant les avantages (Bon cadeau disponible, alerte de validit\u00e9 par exemple) ne peuvente pas \u00eatre bloqu\u00e9s.<\/p>\n<h4>4 &#8211; 2 RESPONSABILIT\u00c9S ET OBLIGATION DE L\u2019ADH\u00c9RENT<\/h4>\n<h4>4 &#8211; 2 &#8211; 1 A PROPOS DE L\u2019ADH\u00c9SION DE L\u2019ADH\u00c9RENT ET DE SON COMPTE<\/h4>\n<p>Un adh\u00e9rent ne peut poss\u00e9der qu\u2019une seule adh\u00e9sion \u00e0 son nom. En cas d\u2019adh\u00e9sion en doublon, sera conserv\u00e9 le compte le plus ancien et les CAPS du deuxi\u00e8me compte seront transf\u00e9r\u00e9s sur celui-ci. Au moment de l\u2019adh\u00e9sion, l\u2019adh\u00e9rent est associ\u00e9 \u00e0 un num\u00e9ro d\u2019adh\u00e9rent. Ce num\u00e9ro d\u2019adh\u00e9rent unique lui est propre et permettra \u00e0 V and B d\u2019identifier l\u2019adh\u00e9sion et le compte de l\u2019adh\u00e9rent.<\/p>\n<p>Pour acc\u00e9der aux informations le concernant, l\u2019adh\u00e9rent pourra se rendre sur l\u2019espace \u00abmon compte\u00bb du site www.vandb.fr. Pour y acc\u00e9der, il devra s\u2019enregistrer une premi\u00e8re fois avec l\u2019email ou num\u00e9ro de mobile qu\u2019il a communiqu\u00e9 lors de sa commande ou sur son bulletin d\u2019adh\u00e9sion en magasin et param\u00e9trer son code confidentiel. L\u2019adh\u00e9rent devra le conserver et l\u2019employer pour chaque connexion \u00e0 son compte.<\/p>\n<h4>4 &#8211; 2 &#8211; 2 MODIFICATIONS DES COORDONN\u00c9ES DE L\u2019ADH\u00c9RENT<\/h4>\n<p>Tout changement d\u2019adresse email, mobile ou postale devra \u00eatre signal\u00e9 \u00e0 V and B : &#8211; Sur www.vandb.fr, dans la rubrique \u00abmon compte\u00bb, &#8211; Par email \u00e0 l\u2019adresse tribu[@]vandb.fr &#8211; Via l\u2019application mobile TRIBU V and B L\u2019adh\u00e9rent est le garant des informations qu\u2019il nous communique et garantit l\u2019exactitude de celles-ci.<\/p>\n<p>En cas de manquement \u00e0 la mise \u00e0 jour de ses donn\u00e9es personnelles, V and B n \u2019est plus en mesure de garantir \u00e0 l\u2019adh\u00e9rent la bonne communication de ses avantages et par l\u00e0 m\u00eame leur bonne utilisation.<\/p>\n<h4>4 &#8211; 2 &#8211; 3 UTILISATION FRAUDULEUSE ET COMMERCE DES CAPS ET DES CH\u00c8QUES<\/h4>\n<p>L\u2019adh\u00e9rent s\u2019engage \u00e0 respecter les conditions d\u2019utilisation du Programme TRIBU V and B et de son compte de fid\u00e9lit\u00e9. Toute utilisation de son compte par un tiers ou toute utilisation frauduleuse peut g\u00e9n\u00e9rer l\u2019exclusion du b\u00e9n\u00e9fice de la carte \u00e0 l\u2019adh\u00e9rent. Les CAPS acquis de fa\u00e7on frauduleuse seront annul\u00e9s sans autre contrepartie ni indemnit\u00e9. Les CAPS acquis par l\u2019adh\u00e9rent n\u2019ont aucune valeur marchande et ne pourront en aucun cas \u00eatre transf\u00e9r\u00e9s, l\u00e9gu\u00e9s, court\u00e9s, troqu\u00e9s, revendus \u00e0 toute autre personne ou cumul\u00e9s sur un autre compte. La vente, l\u2019achat, le don, le courtage, le transfert, le troc, l\u2019\u00e9change des ch\u00e8ques de bienvenue et des ch\u00e8ques de fid\u00e9lit\u00e9 sont strictement interdits et ce, quelle que soit la contrepartie.<\/p>\n<h4>4 &#8211; 3 MODIFICATION DES CONDITIONS D\u2019UTILISATION<\/h4>\n<p>V and B se r\u00e9serve le droit, \u00e0 tout moment, de modifier ou d\u2019annuler le programme de la communaut\u00e9 TRIBU V and B ainsi que ses avantages. V and B se r\u00e9serve aussi le droit de modifier son bar\u00e8me d\u2019acquisition et d\u2019utilisation de CAPS et de mettre en place des bar\u00e8mes sp\u00e9cifiques li\u00e9s \u00e0 des op\u00e9rations commerciales ou marketing. Toute modification de ces conditions d\u2019utilisation seront mises \u00e0 la disposition des adh\u00e9rents du Programme TRIBU V and B sur www.vandb.fr\/tribu-vandb. Un adh\u00e9rent ne pourra en aucun cas former une demande de dommages-int\u00e9r\u00eats contre V and B \u00e0 la suite de modifications du contenu et des offres de la communaut\u00e9 TRIBU V and B ou impos\u00e9es par la l\u00e9gislation fran\u00e7aise.<\/p>\n<h4>4 &#8211; 4 CAS D\u2019ANNULATION DE L\u2019ADH\u00c9SION<\/h4>\n<p>L\u2019adh\u00e9sion au Programme TRIBU est sans dur\u00e9e d\u2019engagement. Chacune des parties peut y mettre fin \u00e0 tout moment. V and B se r\u00e9serve le droit, \u00e0 tout moment, d\u2019annuler l\u2019adh\u00e9sion \u00e0 la communaut\u00e9 TRIBU V and B d\u2019un adh\u00e9rent si celui-ci ne respecte pas les conditions d\u2019utilisation de la communaut\u00e9 TRIBU V and B. Les CAPS des adh\u00e9rents sont valables 1 an, aussi, V and B se r\u00e9serve le droit d\u2019annuler les CAPS pr\u00e9sents et\/ou le droit de r\u00e9silier l\u2019adh\u00e9sion unilat\u00e9ralement si l\u2019adh\u00e9rent n \u2019a plus de CAPS en cours de validit\u00e9. L\u2019adh\u00e9rent peut, sur simple courrier ou email au service relations adh\u00e9rents, annuler son adh\u00e9sion. Aucun remboursement ne sera effectu\u00e9, et le solde de CAPS sera effac\u00e9, sans aucun droit \u00e0 r\u00e9clamation pour l\u2019adh\u00e9rent.<\/p>\n<h3>5 &#8211; INFORMATIQUE ET LIBERT\u00c9S, DROIT D\u2019ACC\u00c8S ET DE MODIFICATION ET ABONNEMENTS<\/h3>\n<p>La mise en place de la communaut\u00e9 TRIBU V and B a fait l\u2019objet d\u2019une d\u00e9claration aupr\u00e8s de la C.N.I.L. \u00abCommission Nationale sur l\u2019Informatique et les Libert\u00e9s\u00bb (N\u00b0 de d\u00e9claration : 1975495 v 0). Conform\u00e9ment \u00e0 la loi, vous pouvez exercer vos droits d\u2019acc\u00e8s et de rectification des informations vous concernant via le<strong><a href=\"http:\/\/tribu.vandb.fr\/ouverture\/formulaire-rgpd\/\"> formulaire d\u00e9di\u00e9<\/a><\/strong>.<\/p>\n<p>L\u2019adh\u00e9rent, en nous communiquant ses coordonn\u00e9es lors de l\u2019adh\u00e9sion, accepte par l\u00e0 m\u00eame que V and B lui communique par email (si l\u2019adh\u00e9rent a donn\u00e9 son consentement pour l\u2019email) ses avantages li\u00e9s au programme de fid\u00e9lit\u00e9 et \u00e0 la marque, ses produits, ses \u00e9v\u00e8nements et ses activit\u00e9s. L\u2019adh\u00e9rent peut \u00e0 tout moment et sur simple demande au service relations adh\u00e9rents se d\u00e9sabonner des envois emails et\/ou SMS de V and B.<\/p>\n<p>Pour se d\u00e9sabonner des emails, l\u2019adh\u00e9rent pourra \u00e0 tout moment cliquer sur le lien de d\u00e9sabonnement pr\u00e9vu \u00e0 cet effet en bas de chaque email. Le d\u00e9sabonnement n\u2019est pas effectif imm\u00e9diatement. Il sera pris en compte dans les 15 jours \u00e0 date de d\u00e9sabonnement. Dans ce cas seuls les emails informants de la disponibilit\u00e9 d\u2019un ch\u00e8que cadeau seront transmis. Aucune autre communication promotionnelle ne sera alors transmise que celles directement li\u00e9es \u00e0 l\u2019adh\u00e9rent dans la gestion du programme. L\u2019 email ainsi que les coordonn\u00e9es postales des adh\u00e9rents \u00e0 la communaut\u00e9 TRIBU V and B restent \u00e0 l\u2019usage des communications exclusives de V and B et V and B s\u2019engage \u00e0 ne pas les divulguer \u00e0 des tiers.<\/p>\n<h3>6 &#8211; SERVICE RELATIONS ADH\u00c9RENTS<\/h3>\n<p>Le service relation adh\u00e9rents de la communaut\u00e9 TRIBU V and B se tient \u00e0 la disposition de ses adh\u00e9rents pour toute question : \u00e0 propos du programme, des CAPS ou si l \u2019adh\u00e9rent souhaite faire part d\u2019une information, ou obtenir un conseil de V and B. L\u2019adh\u00e9rent peut le contacter : par email \u00e0 l\u2019adresse tribu[@]vandb.fr. Lors de toute correspondance, l\u2019adh\u00e9rent devra pouvoir s\u2019identifier \u00e0 l\u2019aide de ses Nom \/ Pr\u00e9nom \/ Email et ou num\u00e9ro de mobile. L\u2019 adh\u00e9rent peut \u00e9galement consulter la rubrique FAQ disponible sur www.vandb.fr\/tribu-vandb pour trouver des r\u00e9ponses aux questions les plus fr\u00e9quentes.<\/p>\n<h3>7 &#8211; RENOUVELLEMENT DE L\u2019ADH\u00c9SION<\/h3>\n<p>L\u2019adh\u00e9sion au programme ne s\u2019arr\u00eate qu\u2019en cas d\u2019inactivit\u00e9 pendant plus d\u2019un an du compte de l\u2019adh\u00e9rent. Il suffit d\u2019effectuer un achat ou une interaction incluse dans le programme pour le renouveler pour un an de plus.<\/p>\n<h3>8 &#8211; LOI APPLICABLE ET ATTRIBUTION DE JURIDICTION<\/h3>\n<p>Les pr\u00e9sentes CGU sont exclusivement soumises au droit fran\u00e7ais. En cas d\u2019interpr\u00e9tation, seul le texte fran\u00e7ais fera foi. Pour toute action judiciaire, les parties donnent comp\u00e9tence au tribunal suivant les r\u00e8gles de droit commun. Dans le cas o\u00f9 l\u2019une quelconque des dispositions des pr\u00e9sentes conditions g\u00e9n\u00e9rales d\u2019utilisation serait r\u00e9put\u00e9e ou d\u00e9clar\u00e9e, par d\u00e9cision de justice, ill\u00e9gale ou non \u00e9crite, les autres dispositions des pr\u00e9sentes conditions d\u2019utilisation resteront int\u00e9gralement en vigueur.<\/p>\n<p>Derni\u00e8re mise \u00e0 jour Mai 2019<\/p>\n","protected":false},"excerpt":{"rendered":"CONDITIONS G\u00c9N\u00c9RALES D\u2019UTILISATION PR\u00c9AMBULE La communaut\u00e9 TRIBU V and B est un programme de fid\u00e9lit\u00e9 d\u00e9velopp\u00e9 par V and B Concept soci\u00e9t\u00e9 \u00e0 responsabilit\u00e9 limit\u00e9e unipersonnelle au capital de 60 000 euros dont le si\u00e8ge est situ\u00e9 au 2, rue de la Roberderie &#8211; ZI Bellitourne 53200 AZ\u00c9 et immatricul\u00e9e au Registre du Commerce et&#8230; <a class=\"view-article\" href=\"https:\/\/tribu.vandb.fr\/fr\/cgu-tribu-v-and-b\/\">Voir l&rsquo;article<\/a>","protected":false},"author":1,"featured_media":0,"parent":0,"menu_order":0,"comment_status":"closed","ping_status":"closed","template":"","meta":{"_acf_changed":false,"_monsterinsights_skip_tracking":false,"_monsterinsights_sitenote_active":false,"_monsterinsights_sitenote_note":"","_monsterinsights_sitenote_category":0,"footnotes":""},"class_list":["post-20391","page","type-page","status-publish","hentry"],"acf":[],"aioseo_notices":[],"_links":{"self":[{"href":"https:\/\/tribu.vandb.fr\/fr\/wp-json\/wp\/v2\/pages\/20391","targetHints":{"allow":["GET"]}}],"collection":[{"href":"https:\/\/tribu.vandb.fr\/fr\/wp-json\/wp\/v2\/pages"}],"about":[{"href":"https:\/\/tribu.vandb.fr\/fr\/wp-json\/wp\/v2\/types\/page"}],"author":[{"embeddable":true,"href":"https:\/\/tribu.vandb.fr\/fr\/wp-json\/wp\/v2\/users\/1"}],"replies":[{"embeddable":true,"href":"https:\/\/tribu.vandb.fr\/fr\/wp-json\/wp\/v2\/comments?post=20391"}],"version-history":[{"count":6,"href":"https:\/\/tribu.vandb.fr\/fr\/wp-json\/wp\/v2\/pages\/20391\/revisions"}],"predecessor-version":[{"id":89403,"href":"https:\/\/tribu.vandb.fr\/fr\/wp-json\/wp\/v2\/pages\/20391\/revisions\/89403"}],"wp:attachment":[{"href":"https:\/\/tribu.vandb.fr\/fr\/wp-json\/wp\/v2\/media?parent=20391"}],"curies":[{"name":"wp","href":"https:\/\/api.w.org\/{rel}","templated":true}]}}